{"id":123,"date":"2025-08-02T16:42:02","date_gmt":"2025-08-02T16:42:02","guid":{"rendered":"https:\/\/memristors.uib.es\/?page_id=123"},"modified":"2025-08-02T16:42:02","modified_gmt":"2025-08-02T16:42:02","slug":"solar-energy-videos","status":"publish","type":"page","link":"https:\/\/memristors.uib.es\/index.php\/resources\/our-youtube-videos\/teaching-videos\/solar-energy-videos\/","title":{"rendered":"Solar Energy videos"},"content":{"rendered":"\n<p>Those are our published videos in YouTube, using the account rpicos.uib@gmail.com:<\/p>\n\n\n\n<div class=\"youtube_channel ytc_wall_1-6 responsive ytc_display_thumbnail\">\n\n\t\t\n\t\t<div class=\"ytc_video_container ytc_video_1 ytc_video_first ar16_9\" style=\"width:306px\">\n\t\t\t\t\t\t<h3 class=\"ytc_title ytc_title_above\"><a href=\"https:\/\/www.youtube.com\/watch?v=txVo-3R_lXs\" target=\"youtube\">Introducci\u00f3n al sistema el\u00e9ctrico y la energ\u00eda fotovoltaica<\/a><\/h3><a href=\"https:\/\/www.youtube.com\/watch?v=txVo-3R_lXs&amp;\" class=\"ytc_thumb ytc-lightbox ar16_9\" title=\"Introducci\u00f3n al sistema el\u00e9ctrico y la energ\u00eda fotovoltaica\" data-iframe=\"https:\/\/www.youtube.com\/embed\/txVo-3R_lXs?\" data-title=\"Introducci\u00f3n al sistema el\u00e9ctrico y la energ\u00eda fotovoltaica\"><span style=\"background-image: url(https:\/\/memristors.uib.es\/wp-content\/uploads\/my-youtube-channel\/yt-txVo-3R_lXs-hqdefault.jpg)\" title=\"Introducci\u00f3n al sistema el\u00e9ctrico y la energ\u00eda fotovoltaica\" id=\"ytc_txVo-3R_lXs\"><\/span><\/a>\n\t\t\t\t<div style=\"border-left: 4px solid #428bca;border-top-left-radius: 30px;border-bottom-left-radius: 30px;border-right: 4px solid #428bca;border-top-right-radius: 30px;border-bottom-right-radius: 30px;margin:20px;padding:20px\">En este video explicamos de manera b\u00e1sica las partes de la red el\u00e9ctrica, y las ventajas de la energ\u00eda fotovoltaica, de manera que vemos que es una opci\u00f3n interesante para desarrollar.<\/div><\/div><!-- .ytc_video_container__modified -->\n\t\t\n\n\t\t\n\t\t<div class=\"ytc_video_container ytc_video_2 ytc_video_mid ar16_9\" style=\"width:306px\">\n\t\t\t\t\t\t<h3 class=\"ytc_title ytc_title_above\"><a href=\"https:\/\/www.youtube.com\/watch?v=lo1oDYH1iv0\" target=\"youtube\">Breve historia de la energ\u00eda fotovoltaica<\/a><\/h3><a href=\"https:\/\/www.youtube.com\/watch?v=lo1oDYH1iv0&amp;\" class=\"ytc_thumb ytc-lightbox ar16_9\" title=\"Breve historia de la energ\u00eda fotovoltaica\" data-iframe=\"https:\/\/www.youtube.com\/embed\/lo1oDYH1iv0?\" data-title=\"Breve historia de la energ\u00eda fotovoltaica\"><span style=\"background-image: url(https:\/\/memristors.uib.es\/wp-content\/uploads\/my-youtube-channel\/yt-lo1oDYH1iv0-hqdefault.jpg)\" title=\"Breve historia de la energ\u00eda fotovoltaica\" id=\"ytc_lo1oDYH1iv0\"><\/span><\/a>\n\t\t\t\t<div style=\"border-left: 4px solid #428bca;border-top-left-radius: 30px;border-bottom-left-radius: 30px;border-right: 4px solid #428bca;border-top-right-radius: 30px;border-bottom-right-radius: 30px;margin:20px;padding:20px\">Edmond Becquerel descubri\u00f3 el efecto fotovoltaico, que consiste en producir electricidad a partir de la luz solar, en el a\u00f1o 1839. Becquerel cre\u00eda que &quot;la luz brillante de un electrodo sumergido en una soluci\u00f3n conductora crear\u00eda una corriente el\u00e9ctrica&quot;. A los 19 a\u00f1os, Becquerel coloc\u00f3 AgCl en una soluci\u00f3n \u00e1cida y lo ilumin\u00f3 mientras estaba conectado a electrodos de platino. Como resultado, gener\u00f3 voltaje y corriente. Sin embargo, incluso despu\u00e9s de una extensa y exhaustiva investigaci\u00f3n y desarrollo de su teor\u00eda, la energ\u00eda fotovoltaica era poco eficiente, y las c\u00e9lulas solares se utilizaron para medir la luz.\nWilloughby Smith (1828-1891), fue un ingeniero el\u00e9ctrico ingl\u00e9s que descubri\u00f3 la fotoconductividad del selenio. Este descubrimiento finalmente condujo a la invenci\u00f3n de las c\u00e9lulas fotoel\u00e9ctricas. En 1873. Smith desarroll\u00f3 un m\u00e9todo para probar un cable submarino mientras se colocaba. Para ello necesitaba un material semiconductor con alta resistencia y varillas de selenio. El dispositivo funcionaba en el laboratorio, pero en la pr\u00e1ctica el dispositivo era inconsistente. Descubri\u00f3 con un experimento de laboratorio que la conductividad de las barras de selenio aumentaba significativamente con la luz solar. Smith describi\u00f3 el &quot;Efecto de la luz sobre el selenio durante el paso de una corriente el\u00e9ctrica&quot; \u200b\u200ben un art\u00edculo publicado en la edici\u00f3n de febrero de 1873 de Nature.\nEl primer m\u00f3dulo solar en funcionamiento &quot;real&quot; fue construido en 1883 por Charles Edgar Fritts, un inventor estadounidense, usando m\u00f3dulos recubriendo una placa de cobre con selenio y luego una capa extremadamente delgada de oro semitransparente. Fritts inform\u00f3 que el m\u00f3dulo produjo una corriente &quot;continua, constante y de fuerza considerable&quot;.\nRussell Shoemaker Ohl fue un ingeniero estadounidense generalmente reconocido por patentar la c\u00e9lula solar moderna (Patente de EE. UU. 2402662, &quot;Dispositivo sensible a la luz&quot;).  Ohl fue un notable investigador de semiconductores antes de la invenci\u00f3n del transistor.\nOhl, en 1939, descubri\u00f3 la barrera PN (o como se conoci\u00f3, la &quot;uni\u00f3n P-N&quot;). En ese momento, casi nadie sab\u00eda nada sobre las impurezas dentro de estos cristales, pero Russell Ohl descubri\u00f3 el mecanismo por el cual funcionaba.Todos los diodos (incluidos LED, diodos l\u00e1ser, etc.) son descendientes del trabajo de Ohl. Su trabajo con diodos lo llev\u00f3 m\u00e1s tarde a desarrollar las primeras c\u00e9lulas solares de silicio.\nEn abril de 1954, Bell Laboratories presentaron la llamada &quot;c\u00e9lula solar&quot;, basada en una uni\u00f3n PN,  que convirti\u00f3 la luz solar directamente en energ\u00eda el\u00e9ctrica. Funcion\u00f3 con una eficiencia de solo 6 por ciento. Los inventores fueron: Gerald L. Pearson, Daryl M. Chapin y Calvin S. Fuller. Un metro cuadrado pod\u00eda producir solo 50 vatios de potencia, y Bell Labs esperaban que fuera \u00fatil como una peque\u00f1a fuente de energ\u00eda para aplicaciones tales como sistemas telef\u00f3nicos rurales.\nEn 1956, los primeros m\u00f3dulos solares estaban disponibles comercialmente. Sin embargo, el costo estaba lejos del alcance de la gente com\u00fan. A $ 300 por un m\u00f3dulo solar de un vatio, el gasto fue mucho m\u00e1s all\u00e1 de los medios de cualquiera. Sin embargo, peque\u00f1as c\u00e9lulas solares comenzaron a usarse en juguetes y radios. Estas novedades fueron los primeros art\u00edculos que utilizaron c\u00e9lulas solares que estaban disponibles para los consumidores.\nA fines de la d\u00e9cada de 1950 y principios de la d\u00e9cada de 1960, los sat\u00e9lites en los programas espaciales estadounidenses y sovi\u00e9ticos fueron alimentados por paneles solares donde el costo no era cr\u00edtico. Otras consideraciones como el tama\u00f1o, la eficiencia y la durabilidad fueron las principales preocupaciones de dise\u00f1o. A fines de la d\u00e9cada de 1960, la energ\u00eda solar era est\u00e1ndar para alimentar casi todos los sat\u00e9lites espaciales y la eficiencia era de aproximadamente el 14 por ciento.\nA principios de los 1970, el Dr. Elliot Berman, presidente y fundador de Solar Power Corporation, dise\u00f1\u00f3 un m\u00f3dulo solar mucho m\u00e1s barato utilizando un grado de silicio menos puro (rechazos de semiconductores) y t\u00e9cnicas de fabricaci\u00f3n similares a la producci\u00f3n de pel\u00edculas fotogr\u00e1ficas. Esto redujo el precio de $ 100 por vatio a alrededor de $ 20 por vatio. Su investigaci\u00f3n fue financiada por Exxon Corporation, cuyas plataformas petroleras costa afuera necesitaban paneles solares para encender las luces en la parte superior de las plataformas para advertir a los barcos que se aproximaban. Este desarrollo redujo la energ\u00eda solar de los sat\u00e9lites del espacio exterior a las aplicaciones terrestres (vea el empleado de Bell Labs a la izquierda).\nEl per\u00edodo comprendido entre los a\u00f1os 1970 y 1990 vio un cambio considerable en el uso de las c\u00e9lulas solares. Comenzaron a aparecer en lugares remotos para alimentar hogares. Australia us\u00f3 c\u00e9lulas solares en sus torres de microondas para expandir sus capacidades de telecomunicaciones. Las regiones des\u00e9rticas incluso vieron la energ\u00eda solar llevar agua donde la energ\u00eda de la red no era una opci\u00f3n.<\/div><\/div><!-- .ytc_video_container__modified -->\n\t\t\n\n\t\t\n\t\t<div class=\"ytc_video_container ytc_video_3 ytc_video_mid ar16_9\" style=\"width:306px\">\n\t\t\t\t\t\t<h3 class=\"ytc_title ytc_title_above\"><a href=\"https:\/\/www.youtube.com\/watch?v=P4F3T015ypU\" target=\"youtube\">C\u00e1lculo de la energ\u00eda incidente en un panel<\/a><\/h3><a href=\"https:\/\/www.youtube.com\/watch?v=P4F3T015ypU&amp;\" class=\"ytc_thumb ytc-lightbox ar16_9\" title=\"C\u00e1lculo de la energ\u00eda incidente en un panel\" data-iframe=\"https:\/\/www.youtube.com\/embed\/P4F3T015ypU?\" data-title=\"C\u00e1lculo de la energ\u00eda incidente en un panel\"><span style=\"background-image: url(https:\/\/memristors.uib.es\/wp-content\/uploads\/my-youtube-channel\/yt-P4F3T015ypU-hqdefault.jpg)\" title=\"C\u00e1lculo de la energ\u00eda incidente en un panel\" id=\"ytc_P4F3T015ypU\"><\/span><\/a>\n\t\t\t\t<div style=\"border-left: 4px solid #428bca;border-top-left-radius: 30px;border-bottom-left-radius: 30px;border-right: 4px solid #428bca;border-top-right-radius: 30px;border-bottom-right-radius: 30px;margin:20px;padding:20px\">En este video se explican las bases matem\u00e1ticas que nos permiten calcular la energ\u00eda que nos llega del sol a un panel inclinado. Adem\u00e1s, se hace una peque\u00f1a introducci\u00f3n al PVGIS.<\/div><\/div><!-- .ytc_video_container__modified -->\n\t\t\n\n\t\t\n\t\t<div class=\"ytc_video_container ytc_video_4 ytc_video_mid ar16_9\" style=\"width:306px\">\n\t\t\t\t\t\t<h3 class=\"ytc_title ytc_title_above\"><a href=\"https:\/\/www.youtube.com\/watch?v=fjBpveEL67s\" target=\"youtube\">C\u00e1lculo de p\u00e9rdidas por sombras y orientaci\u00f3n<\/a><\/h3><a href=\"https:\/\/www.youtube.com\/watch?v=fjBpveEL67s&amp;\" class=\"ytc_thumb ytc-lightbox ar16_9\" title=\"C\u00e1lculo de p\u00e9rdidas por sombras y orientaci\u00f3n\" data-iframe=\"https:\/\/www.youtube.com\/embed\/fjBpveEL67s?\" data-title=\"C\u00e1lculo de p\u00e9rdidas por sombras y orientaci\u00f3n\"><span style=\"background-image: url(https:\/\/memristors.uib.es\/wp-content\/uploads\/my-youtube-channel\/yt-fjBpveEL67s-hqdefault.jpg)\" title=\"C\u00e1lculo de p\u00e9rdidas por sombras y orientaci\u00f3n\" id=\"ytc_fjBpveEL67s\"><\/span><\/a>\n\t\t\t\t<div style=\"border-left: 4px solid #428bca;border-top-left-radius: 30px;border-bottom-left-radius: 30px;border-right: 4px solid #428bca;border-top-right-radius: 30px;border-bottom-right-radius: 30px;margin:20px;padding:20px\">En este video se explican, de manera breve, los c\u00e1lculos necesarios para determinar las p\u00e9rdidas por orientaci\u00f3n, autosombras, y sombras externas de paneles solares. Se dan ejemplos de c\u00e1lculo basados en la situaci\u00f3n de la Universitat de les Illes Balears, en Mallorca (Espa\u00f1a).<\/div><\/div><!-- .ytc_video_container__modified -->\n\t\t\n\n\t\t\n\t\t<div class=\"ytc_video_container ytc_video_5 ytc_video_mid ar16_9\" style=\"width:306px\">\n\t\t\t\t\t\t<h3 class=\"ytc_title ytc_title_above\"><a href=\"https:\/\/www.youtube.com\/watch?v=hVIHLMz2LYI\" target=\"youtube\">Elementos de una instalaci\u00f3n Fotovoltaica<\/a><\/h3><a href=\"https:\/\/www.youtube.com\/watch?v=hVIHLMz2LYI&amp;\" class=\"ytc_thumb ytc-lightbox ar16_9\" title=\"Elementos de una instalaci\u00f3n Fotovoltaica\" data-iframe=\"https:\/\/www.youtube.com\/embed\/hVIHLMz2LYI?\" data-title=\"Elementos de una instalaci\u00f3n Fotovoltaica\"><span style=\"background-image: url(https:\/\/memristors.uib.es\/wp-content\/uploads\/my-youtube-channel\/yt-hVIHLMz2LYI-hqdefault.jpg)\" title=\"Elementos de una instalaci\u00f3n Fotovoltaica\" id=\"ytc_hVIHLMz2LYI\"><\/span><\/a>\n\t\t\t\t<div style=\"border-left: 4px solid #428bca;border-top-left-radius: 30px;border-bottom-left-radius: 30px;border-right: 4px solid #428bca;border-top-right-radius: 30px;border-bottom-right-radius: 30px;margin:20px;padding:20px\">En esta clase veremos los cuatro elementos fundamentales de una instalaci\u00f3n FV: paneles solares, reguladores, inversores y bater\u00edas.<\/div><\/div><!-- .ytc_video_container__modified -->\n\t\t\n\n\t\t\n\t\t<div class=\"ytc_video_container ytc_video_6 ytc_video_mid ar16_9\" style=\"width:306px\">\n\t\t\t\t\t\t<h3 class=\"ytc_title ytc_title_above\"><a href=\"https:\/\/www.youtube.com\/watch?v=nk3hOLwfwZU\" target=\"youtube\">Ejemplo de Instalaci\u00f3n Fotovoltaica Aislada - m\u00e9todo I<\/a><\/h3><a href=\"https:\/\/www.youtube.com\/watch?v=nk3hOLwfwZU&amp;\" class=\"ytc_thumb ytc-lightbox ar16_9\" title=\"Ejemplo de Instalaci\u00f3n Fotovoltaica Aislada - m\u00e9todo I\" data-iframe=\"https:\/\/www.youtube.com\/embed\/nk3hOLwfwZU?\" data-title=\"Ejemplo de Instalaci\u00f3n Fotovoltaica Aislada - m\u00e9todo I\"><span style=\"background-image: url(https:\/\/memristors.uib.es\/wp-content\/uploads\/my-youtube-channel\/yt-nk3hOLwfwZU-hqdefault.jpg)\" title=\"Ejemplo de Instalaci\u00f3n Fotovoltaica Aislada - m\u00e9todo I\" id=\"ytc_nk3hOLwfwZU\"><\/span><\/a>\n\t\t\t\t<div style=\"border-left: 4px solid #428bca;border-top-left-radius: 30px;border-bottom-left-radius: 30px;border-right: 4px solid #428bca;border-top-right-radius: 30px;border-bottom-right-radius: 30px;margin:20px;padding:20px\">En este video se muestra una de las t\u00e9cnicas para dimensionar una instalaci\u00f3n de energ\u00eda solar fotovoltaica, a partir de una estimaci\u00f3n de los consumos.<\/div><\/div><!-- .ytc_video_container__modified -->\n\t\t\n\n\t\t\n\t\t<div class=\"ytc_video_container ytc_video_7 ytc_video_last ar16_9\" style=\"width:306px\">\n\t\t\t\t\t\t<h3 class=\"ytc_title ytc_title_above\"><a href=\"https:\/\/www.youtube.com\/watch?v=kugx9xigIUA\" target=\"youtube\">Ejemplo de c\u00e1lculo Aislada Alternativo<\/a><\/h3><a href=\"https:\/\/www.youtube.com\/watch?v=kugx9xigIUA&amp;\" class=\"ytc_thumb ytc-lightbox ar16_9\" title=\"Ejemplo de c\u00e1lculo Aislada Alternativo\" data-iframe=\"https:\/\/www.youtube.com\/embed\/kugx9xigIUA?\" data-title=\"Ejemplo de c\u00e1lculo Aislada Alternativo\"><span style=\"background-image: url(https:\/\/memristors.uib.es\/wp-content\/uploads\/my-youtube-channel\/yt-kugx9xigIUA-hqdefault.jpg)\" title=\"Ejemplo de c\u00e1lculo Aislada Alternativo\" id=\"ytc_kugx9xigIUA\"><\/span><\/a>\n\t\t\t\t<div style=\"border-left: 4px solid #428bca;border-top-left-radius: 30px;border-bottom-left-radius: 30px;border-right: 4px solid #428bca;border-top-right-radius: 30px;border-bottom-right-radius: 30px;margin:20px;padding:20px\">En este video se explica c\u00f3mo dimensionar una instalaci\u00f3n FV a partir de los datos de la factura el\u00e9ctrica.<\/div><\/div><!-- .ytc_video_container__modified -->\n\t\t<\/div><!-- .youtube_channel --><div class=\"clearfix\"><\/div>\n\n\n\n<p><\/p>\n","protected":false},"excerpt":{"rendered":"<p>Those are our published videos in YouTube, using the account rpicos.uib@gmail.com:<\/p>\n","protected":false},"author":1,"featured_media":0,"parent":118,"menu_order":0,"comment_status":"closed","ping_status":"closed","template":"","meta":{"footnotes":""},"class_list":["post-123","page","type-page","status-publish","hentry"],"_links":{"self":[{"href":"https:\/\/memristors.uib.es\/index.php\/wp-json\/wp\/v2\/pages\/123","targetHints":{"allow":["GET"]}}],"collection":[{"href":"https:\/\/memristors.uib.es\/index.php\/wp-json\/wp\/v2\/pages"}],"about":[{"href":"https:\/\/memristors.uib.es\/index.php\/wp-json\/wp\/v2\/types\/page"}],"author":[{"embeddable":true,"href":"https:\/\/memristors.uib.es\/index.php\/wp-json\/wp\/v2\/users\/1"}],"replies":[{"embeddable":true,"href":"https:\/\/memristors.uib.es\/index.php\/wp-json\/wp\/v2\/comments?post=123"}],"version-history":[{"count":1,"href":"https:\/\/memristors.uib.es\/index.php\/wp-json\/wp\/v2\/pages\/123\/revisions"}],"predecessor-version":[{"id":124,"href":"https:\/\/memristors.uib.es\/index.php\/wp-json\/wp\/v2\/pages\/123\/revisions\/124"}],"up":[{"embeddable":true,"href":"https:\/\/memristors.uib.es\/index.php\/wp-json\/wp\/v2\/pages\/118"}],"wp:attachment":[{"href":"https:\/\/memristors.uib.es\/index.php\/wp-json\/wp\/v2\/media?parent=123"}],"curies":[{"name":"wp","href":"https:\/\/api.w.org\/{rel}","templated":true}]}}